{"id":572,"date":"2025-06-12T16:57:55","date_gmt":"2025-06-12T16:57:55","guid":{"rendered":"https:\/\/unimarca.com.ar\/indumentaria-con-logo\/?page_id=572"},"modified":"2025-06-24T14:20:10","modified_gmt":"2025-06-24T14:20:10","slug":"empresa","status":"publish","type":"page","link":"https:\/\/unimarca.com.ar\/indumentaria-con-logo\/empresa\/","title":{"rendered":"EMPRESA"},"content":{"rendered":"<p>&nbsp;<\/p>\n<p>Todo comenz\u00f3 en un peque\u00f1o taller, donde dos hermanos, Romina e Ivan , trabajaban incansablemente cosiendo uniformes para empresas locales. Ve\u00edan un problema claro: muchas compa\u00f1\u00edas quer\u00edan proyectar profesionalismo con prendas de calidad, pero los precios eran exorbitantes o la personalizaci\u00f3n limitada. As\u00ed naci\u00f3 UNIMARCA: una soluci\u00f3n accesible, sin sacrificar durabilidad ni el impacto del branding corporativo.<\/p>\n<p><strong>Nuestra Misi\u00f3n<\/strong><br \/>\nProveer ropa y calzado de trabajo funcional y duradero, adapt\u00e1ndonos a las necesidades de empresas y profesionales con soluciones personalizadas.<\/p>\n<p><strong>Visi\u00f3n<\/strong><br \/>\nSer l\u00edderes en indumentaria laboral en Argetina, reconocidos por calidad y servicio personalizado.<\/p>\n<p>En <strong>UNIMARCA<\/strong> no solo vendemos ropa e indumentaria de trabajo, sino creamos identidad. Sabemos que un uniforme bordado con el logo de tu empresa no es solo tela e hilo: es el orgullo de tus colaboradores, la primera impresi\u00f3n ante tus clientes y la publicidad que camina por las calles. Por eso, cada prenda la tratamos con el cuidado de quien sabe que lleva un nombre propio.<\/p>\n<p>&nbsp;<\/p>\n","protected":false},"excerpt":{"rendered":"<p>&nbsp; Todo comenz\u00f3 en un peque\u00f1o taller, donde dos hermanos, Romina e Ivan , trabajaban incansablemente cosiendo uniformes para empresas locales. Ve\u00edan un problema claro: muchas compa\u00f1\u00edas quer\u00edan proyectar profesionalismo con prendas de calidad, pero los precios eran exorbitantes o la personalizaci\u00f3n limitada. As\u00ed naci\u00f3 UNIMARCA: una soluci\u00f3n accesible, sin sacrificar durabilidad ni el impacto [&hellip;]<\/p>\n","protected":false},"author":2,"featured_media":0,"parent":0,"menu_order":0,"comment_status":"closed","ping_status":"closed","template":"","meta":{"_regular_price":[],"currency_symbol":[],"om_disable_all_campaigns":false,"_monsterinsights_skip_tracking":false,"_monsterinsights_sitenote_active":false,"_monsterinsights_sitenote_note":"","_monsterinsights_sitenote_category":0,"footnotes":""},"class_list":["post-572","page","type-page","status-publish","hentry"],"aioseo_notices":[],"post_slider_layout_featured_media_urls":{"thumbnail":"","post_slider_layout_landscape_large":"","post_slider_layout_portrait_large":"","post_slider_layout_square_large":"","post_slider_layout_landscape":"","post_slider_layout_portrait":"","post_slider_layout_square":"","full":""},"_links":{"self":[{"href":"https:\/\/unimarca.com.ar\/indumentaria-con-logo\/wp-json\/wp\/v2\/pages\/572","targetHints":{"allow":["GET"]}}],"collection":[{"href":"https:\/\/unimarca.com.ar\/indumentaria-con-logo\/wp-json\/wp\/v2\/pages"}],"about":[{"href":"https:\/\/unimarca.com.ar\/indumentaria-con-logo\/wp-json\/wp\/v2\/types\/page"}],"author":[{"embeddable":true,"href":"https:\/\/unimarca.com.ar\/indumentaria-con-logo\/wp-json\/wp\/v2\/users\/2"}],"replies":[{"embeddable":true,"href":"https:\/\/unimarca.com.ar\/indumentaria-con-logo\/wp-json\/wp\/v2\/comments?post=572"}],"version-history":[{"count":2,"href":"https:\/\/unimarca.com.ar\/indumentaria-con-logo\/wp-json\/wp\/v2\/pages\/572\/revisions"}],"predecessor-version":[{"id":786,"href":"https:\/\/unimarca.com.ar\/indumentaria-con-logo\/wp-json\/wp\/v2\/pages\/572\/revisions\/786"}],"wp:attachment":[{"href":"https:\/\/unimarca.com.ar\/indumentaria-con-logo\/wp-json\/wp\/v2\/media?parent=572"}],"curies":[{"name":"wp","href":"https:\/\/api.w.org\/{rel}","templated":true}]}}