{"id":623,"date":"2025-06-13T21:23:57","date_gmt":"2025-06-13T21:23:57","guid":{"rendered":"https:\/\/unimarca.com.ar\/indumentaria-con-logo\/?post_type=product&#038;p=623"},"modified":"2025-06-13T21:23:58","modified_gmt":"2025-06-13T21:23:58","slug":"pantalon-de-trabajo","status":"publish","type":"product","link":"https:\/\/unimarca.com.ar\/indumentaria-con-logo\/producto\/pantalon-de-trabajo\/","title":{"rendered":"Pantal\u00f3n de trabajo"},"content":{"rendered":"","protected":false},"excerpt":{"rendered":"<p>Pantal\u00f3n de trabajo confeccionado con triple costura reforzada, con dos bolsillos tipo sastre en el frente y dos tipos ojal atr\u00e1s. Bragueta con botones pl\u00e1sticos al tono. La tela utilizada es gabardina de 8 OZ. 100% Algod\u00f3n, con proceso de Sanforizado que garantiza el no encogimiento de la prenda.<\/p>\n<p>Talle 40 al 60.<br \/>\nColores: azul marino, beige, blanco, verde oliva, naranja.<\/p>\n","protected":false},"featured_media":624,"template":"","meta":{"_regular_price":[],"currency_symbol":[],"om_disable_all_campaigns":false,"_monsterinsights_skip_tracking":false,"_monsterinsights_sitenote_active":false,"_monsterinsights_sitenote_note":"","_monsterinsights_sitenote_category":0},"product_brand":[],"product_cat":[34],"product_tag":[],"class_list":{"0":"post-623","1":"product","2":"type-product","3":"status-publish","4":"has-post-thumbnail","6":"product_cat-pantalones","8":"first","9":"instock","10":"shipping-taxable","11":"product-type-simple"},"aioseo_notices":[],"post_slider_layout_featured_media_urls":{"thumbnail":["https:\/\/unimarca.com.ar\/indumentaria-con-logo\/wp-content\/uploads\/2025\/06\/pantalon-150x150.jpg",150,150,true],"post_slider_layout_landscape_large":["https:\/\/unimarca.com.ar\/indumentaria-con-logo\/wp-content\/uploads\/2025\/06\/pantalon-853x800.jpg",853,800,true],"post_slider_layout_portrait_large":["https:\/\/unimarca.com.ar\/indumentaria-con-logo\/wp-content\/uploads\/2025\/06\/pantalon.jpg",853,1280,false],"post_slider_layout_square_large":["https:\/\/unimarca.com.ar\/indumentaria-con-logo\/wp-content\/uploads\/2025\/06\/pantalon-853x1200.jpg",853,1200,true],"post_slider_layout_landscape":["https:\/\/unimarca.com.ar\/indumentaria-con-logo\/wp-content\/uploads\/2025\/06\/pantalon-600x400.jpg",600,400,true],"post_slider_layout_portrait":["https:\/\/unimarca.com.ar\/indumentaria-con-logo\/wp-content\/uploads\/2025\/06\/pantalon-600x900.jpg",600,900,true],"post_slider_layout_square":["https:\/\/unimarca.com.ar\/indumentaria-con-logo\/wp-content\/uploads\/2025\/06\/pantalon-600x600.jpg",600,600,true],"full":["https:\/\/unimarca.com.ar\/indumentaria-con-logo\/wp-content\/uploads\/2025\/06\/pantalon.jpg",853,1280,false]},"_links":{"self":[{"href":"https:\/\/unimarca.com.ar\/indumentaria-con-logo\/wp-json\/wp\/v2\/product\/623","targetHints":{"allow":["GET"]}}],"collection":[{"href":"https:\/\/unimarca.com.ar\/indumentaria-con-logo\/wp-json\/wp\/v2\/product"}],"about":[{"href":"https:\/\/unimarca.com.ar\/indumentaria-con-logo\/wp-json\/wp\/v2\/types\/product"}],"wp:featuredmedia":[{"embeddable":true,"href":"https:\/\/unimarca.com.ar\/indumentaria-con-logo\/wp-json\/wp\/v2\/media\/624"}],"wp:attachment":[{"href":"https:\/\/unimarca.com.ar\/indumentaria-con-logo\/wp-json\/wp\/v2\/media?parent=623"}],"wp:term":[{"taxonomy":"product_brand","embeddable":true,"href":"https:\/\/unimarca.com.ar\/indumentaria-con-logo\/wp-json\/wp\/v2\/product_brand?post=623"},{"taxonomy":"product_cat","embeddable":true,"href":"https:\/\/unimarca.com.ar\/indumentaria-con-logo\/wp-json\/wp\/v2\/product_cat?post=623"},{"taxonomy":"product_tag","embeddable":true,"href":"https:\/\/unimarca.com.ar\/indumentaria-con-logo\/wp-json\/wp\/v2\/product_tag?post=623"}],"curies":[{"name":"wp","href":"https:\/\/api.w.org\/{rel}","templated":true}]}}