{"id":634,"date":"2025-06-17T17:23:05","date_gmt":"2025-06-17T17:23:05","guid":{"rendered":"https:\/\/unimarca.com.ar\/indumentaria-con-logo\/?post_type=product&#038;p=634"},"modified":"2025-06-17T17:23:05","modified_gmt":"2025-06-17T17:23:05","slug":"mameluco-termico","status":"publish","type":"product","link":"https:\/\/unimarca.com.ar\/indumentaria-con-logo\/producto\/mameluco-termico\/","title":{"rendered":"Mameluco t\u00e9rmico"},"content":{"rendered":"","protected":false},"excerpt":{"rendered":"<p>Mameluco confeccionado con tela truker, interior en guata y tafeta matelaseada. Con capucha. Cierre largo al frente con tapa cierre, dos bolsillos y el\u00e1stico en la cintura. Pu\u00f1os con el\u00e1stico.<\/p>\n<p>Color azul marino.<\/p>\n<p>Talle L, XL y XXL<\/p>\n<p>&nbsp;<\/p>\n","protected":false},"featured_media":635,"template":"","meta":{"_regular_price":[],"currency_symbol":[],"om_disable_all_campaigns":false,"_monsterinsights_skip_tracking":false,"_monsterinsights_sitenote_active":false,"_monsterinsights_sitenote_note":"","_monsterinsights_sitenote_category":0},"product_brand":[],"product_cat":[36],"product_tag":[],"class_list":{"0":"post-634","1":"product","2":"type-product","3":"status-publish","4":"has-post-thumbnail","6":"product_cat-mamelucos","8":"first","9":"instock","10":"shipping-taxable","11":"product-type-simple"},"aioseo_notices":[],"post_slider_layout_featured_media_urls":{"thumbnail":["https:\/\/unimarca.com.ar\/indumentaria-con-logo\/wp-content\/uploads\/2025\/06\/termico-150x150.jpg",150,150,true],"post_slider_layout_landscape_large":["https:\/\/unimarca.com.ar\/indumentaria-con-logo\/wp-content\/uploads\/2025\/06\/termico-853x800.jpg",853,800,true],"post_slider_layout_portrait_large":["https:\/\/unimarca.com.ar\/indumentaria-con-logo\/wp-content\/uploads\/2025\/06\/termico.jpg",853,1280,false],"post_slider_layout_square_large":["https:\/\/unimarca.com.ar\/indumentaria-con-logo\/wp-content\/uploads\/2025\/06\/termico-853x1200.jpg",853,1200,true],"post_slider_layout_landscape":["https:\/\/unimarca.com.ar\/indumentaria-con-logo\/wp-content\/uploads\/2025\/06\/termico-600x400.jpg",600,400,true],"post_slider_layout_portrait":["https:\/\/unimarca.com.ar\/indumentaria-con-logo\/wp-content\/uploads\/2025\/06\/termico-600x900.jpg",600,900,true],"post_slider_layout_square":["https:\/\/unimarca.com.ar\/indumentaria-con-logo\/wp-content\/uploads\/2025\/06\/termico-600x600.jpg",600,600,true],"full":["https:\/\/unimarca.com.ar\/indumentaria-con-logo\/wp-content\/uploads\/2025\/06\/termico.jpg",853,1280,false]},"_links":{"self":[{"href":"https:\/\/unimarca.com.ar\/indumentaria-con-logo\/wp-json\/wp\/v2\/product\/634","targetHints":{"allow":["GET"]}}],"collection":[{"href":"https:\/\/unimarca.com.ar\/indumentaria-con-logo\/wp-json\/wp\/v2\/product"}],"about":[{"href":"https:\/\/unimarca.com.ar\/indumentaria-con-logo\/wp-json\/wp\/v2\/types\/product"}],"wp:featuredmedia":[{"embeddable":true,"href":"https:\/\/unimarca.com.ar\/indumentaria-con-logo\/wp-json\/wp\/v2\/media\/635"}],"wp:attachment":[{"href":"https:\/\/unimarca.com.ar\/indumentaria-con-logo\/wp-json\/wp\/v2\/media?parent=634"}],"wp:term":[{"taxonomy":"product_brand","embeddable":true,"href":"https:\/\/unimarca.com.ar\/indumentaria-con-logo\/wp-json\/wp\/v2\/product_brand?post=634"},{"taxonomy":"product_cat","embeddable":true,"href":"https:\/\/unimarca.com.ar\/indumentaria-con-logo\/wp-json\/wp\/v2\/product_cat?post=634"},{"taxonomy":"product_tag","embeddable":true,"href":"https:\/\/unimarca.com.ar\/indumentaria-con-logo\/wp-json\/wp\/v2\/product_tag?post=634"}],"curies":[{"name":"wp","href":"https:\/\/api.w.org\/{rel}","templated":true}]}}