{"id":868,"date":"2025-07-11T15:03:47","date_gmt":"2025-07-11T15:03:47","guid":{"rendered":"https:\/\/unimarca.com.ar\/indumentaria-con-logo\/?post_type=product&#038;p=868"},"modified":"2025-07-11T15:03:47","modified_gmt":"2025-07-11T15:03:47","slug":"pantalon-nautico","status":"publish","type":"product","link":"https:\/\/unimarca.com.ar\/indumentaria-con-logo\/producto\/pantalon-nautico\/","title":{"rendered":"Pantal\u00f3n na\u00fatico"},"content":{"rendered":"","protected":false},"excerpt":{"rendered":"<p>Pantal\u00f3n de trabajo modelo na\u00fatico, confeccionado en tela gabardina de 6 OZ. Cintura con el\u00e1stico y cord\u00f3n con dos bolsillos al frente y uno en la parte trasera.<\/p>\n<p>Colores: azul marino, blanco y beige<\/p>\n<p>Talles: S al XXXL<\/p>\n","protected":false},"featured_media":869,"template":"","meta":{"_regular_price":[],"currency_symbol":[],"om_disable_all_campaigns":false,"_monsterinsights_skip_tracking":false,"_monsterinsights_sitenote_active":false,"_monsterinsights_sitenote_note":"","_monsterinsights_sitenote_category":0},"product_brand":[],"product_cat":[34],"product_tag":[],"class_list":{"0":"post-868","1":"product","2":"type-product","3":"status-publish","4":"has-post-thumbnail","6":"product_cat-pantalones","8":"first","9":"instock","10":"shipping-taxable","11":"product-type-simple"},"aioseo_notices":[],"post_slider_layout_featured_media_urls":{"thumbnail":["https:\/\/unimarca.com.ar\/indumentaria-con-logo\/wp-content\/uploads\/2025\/07\/nautico-blanco-150x150.jpg",150,150,true],"post_slider_layout_landscape_large":["https:\/\/unimarca.com.ar\/indumentaria-con-logo\/wp-content\/uploads\/2025\/07\/nautico-blanco.jpg",555,646,false],"post_slider_layout_portrait_large":["https:\/\/unimarca.com.ar\/indumentaria-con-logo\/wp-content\/uploads\/2025\/07\/nautico-blanco.jpg",555,646,false],"post_slider_layout_square_large":["https:\/\/unimarca.com.ar\/indumentaria-con-logo\/wp-content\/uploads\/2025\/07\/nautico-blanco.jpg",555,646,false],"post_slider_layout_landscape":["https:\/\/unimarca.com.ar\/indumentaria-con-logo\/wp-content\/uploads\/2025\/07\/nautico-blanco-555x400.jpg",555,400,true],"post_slider_layout_portrait":["https:\/\/unimarca.com.ar\/indumentaria-con-logo\/wp-content\/uploads\/2025\/07\/nautico-blanco.jpg",555,646,false],"post_slider_layout_square":["https:\/\/unimarca.com.ar\/indumentaria-con-logo\/wp-content\/uploads\/2025\/07\/nautico-blanco-555x600.jpg",555,600,true],"full":["https:\/\/unimarca.com.ar\/indumentaria-con-logo\/wp-content\/uploads\/2025\/07\/nautico-blanco.jpg",555,646,false]},"_links":{"self":[{"href":"https:\/\/unimarca.com.ar\/indumentaria-con-logo\/wp-json\/wp\/v2\/product\/868","targetHints":{"allow":["GET"]}}],"collection":[{"href":"https:\/\/unimarca.com.ar\/indumentaria-con-logo\/wp-json\/wp\/v2\/product"}],"about":[{"href":"https:\/\/unimarca.com.ar\/indumentaria-con-logo\/wp-json\/wp\/v2\/types\/product"}],"wp:featuredmedia":[{"embeddable":true,"href":"https:\/\/unimarca.com.ar\/indumentaria-con-logo\/wp-json\/wp\/v2\/media\/869"}],"wp:attachment":[{"href":"https:\/\/unimarca.com.ar\/indumentaria-con-logo\/wp-json\/wp\/v2\/media?parent=868"}],"wp:term":[{"taxonomy":"product_brand","embeddable":true,"href":"https:\/\/unimarca.com.ar\/indumentaria-con-logo\/wp-json\/wp\/v2\/product_brand?post=868"},{"taxonomy":"product_cat","embeddable":true,"href":"https:\/\/unimarca.com.ar\/indumentaria-con-logo\/wp-json\/wp\/v2\/product_cat?post=868"},{"taxonomy":"product_tag","embeddable":true,"href":"https:\/\/unimarca.com.ar\/indumentaria-con-logo\/wp-json\/wp\/v2\/product_tag?post=868"}],"curies":[{"name":"wp","href":"https:\/\/api.w.org\/{rel}","templated":true}]}}